{"id":771,"date":"2022-11-10T18:50:42","date_gmt":"2022-11-10T18:50:42","guid":{"rendered":"https:\/\/electrymec.cl\/?page_id=771"},"modified":"2022-11-23T20:20:42","modified_gmt":"2022-11-23T20:20:42","slug":"productos","status":"publish","type":"page","link":"https:\/\/electrymec.cl\/index.php\/productos\/","title":{"rendered":"Productos Wiha"},"content":{"rendered":"\n<div class=\"wp-container-3 wp-block-columns\">\n<div class=\"wp-container-1 wp-block-column animated fadeInDown\">\n<div class=\"wp-block-media-text alignwide is-stacked-on-mobile\" style=\"grid-template-columns:48% auto\"><figure class=\"wp-block-media-text__media\"><img loading=\"lazy\" width=\"488\" height=\"445\" src=\"https:\/\/electrymec.cl\/wp-content\/uploads\/2022\/11\/WIHA-00834-SCREWDRIVER-SET-SOFTFINISH\u00ae-ELECTRIC-1000V-SLOTTED-AND-PHILLIPS-7-PCS..jpg\" alt=\"\" class=\"wp-image-822 size-full\" srcset=\"https:\/\/electrymec.cl\/wp-content\/uploads\/2022\/11\/WIHA-00834-SCREWDRIVER-SET-SOFTFINISH\u00ae-ELECTRIC-1000V-SLOTTED-AND-PHILLIPS-7-PCS..jpg 488w, https:\/\/electrymec.cl\/wp-content\/uploads\/2022\/11\/WIHA-00834-SCREWDRIVER-SET-SOFTFINISH\u00ae-ELECTRIC-1000V-SLOTTED-AND-PHILLIPS-7-PCS.-300x274.jpg 300w\" sizes=\"(max-width: 488px) 100vw, 488px\" \/><\/figure><div class=\"wp-block-media-text__content\">\n<p style=\"font-size:18px\"><strong>Juego de destornilladores SoftFinish\u00ae electric 1000V Ranurado y Phillips (7 uds.)<\/strong><\/p>\n\n\n\n<p class=\"has-small-font-size\"><strong>Contenido:<\/strong><br>1x Destornillador SoftFinish\u00ae el\u00e9ctrico ranurado 2,5 x 75 mm <br>1x Destornillador SoftFinish\u00ae el\u00e9ctrico Ranurado 4 x 100 mm <br>1x Destornillador SoftFinish\u00ae el\u00e9ctrico Ranurado 5,5 x 125 mm <br>1x Destornillador SoftFinish\u00ae el\u00e9ctrico Ranurado 6,5 x 150 mm <br>1x Destornillador SoftFinish\u00ae el\u00e9ctrico Phillips PH1 x 80 mm <br>1x Destornillador SoftFinish\u00ae el\u00e9ctrico Phillips PH2 x 100 mm <br>1x Comprobador de tensi\u00f3n SoftFinish\u00ae unipolar, 110-250 voltios Ranurado transparente, con pinza de presi\u00f3n 3 mm <\/p>\n<\/div><\/div>\n<\/div>\n\n\n\n<div class=\"wp-container-2 wp-block-column\">\n<div class=\"wp-block-media-text alignwide is-stacked-on-mobile animated fadeInDown\" style=\"grid-template-columns:53% auto\"><figure class=\"wp-block-media-text__media\"><img loading=\"lazy\" width=\"488\" height=\"452\" src=\"https:\/\/electrymec.cl\/wp-content\/uploads\/2022\/11\/WIHA381.png\" alt=\"\" class=\"wp-image-816 size-full\" srcset=\"https:\/\/electrymec.cl\/wp-content\/uploads\/2022\/11\/WIHA381.png 488w, https:\/\/electrymec.cl\/wp-content\/uploads\/2022\/11\/WIHA381-300x278.png 300w\" sizes=\"(max-width: 488px) 100vw, 488px\" \/><\/figure><div class=\"wp-block-media-text__content\">\n<p style=\"font-size:18px\"><strong>Destornillador con cargador de puntas liftUp electric 1000V con 6 slimbits<\/strong><\/p>\n\n\n\n<p class=\"has-small-font-size\"><strong>Contenido:<\/strong><br>1 destornillador con cargador de puntas LiftUp electric Phillips, PlusMinus\/Pozidriv, ranurado con 6 slimBits <\/p>\n\n\n\n<p class=\"has-small-font-size\"><br>1x punta el\u00e9ctrica slimBit ranurada de 3 mm <br>1x punta el\u00e9ctrica slimBit ranurada de 4 mm <br>1x punta el\u00e9ctrica slimBit ranurada de 5,5 mm <br>1x punta el\u00e9ctrica slimBit Phillips PH1 <br>1x punta el\u00e9ctrica slimBit Phillips PH2 <br>1x punta slimBit broca el\u00e9ctrica PlusMinus\/Pozidriv SL\/PZ2 <\/p>\n<\/div><\/div>\n<\/div>\n<\/div>\n\n\n\n<hr class=\"wp-block-separator has-alpha-channel-opacity\"\/>\n\n\n\n<div class=\"wp-container-6 wp-block-columns\">\n<div class=\"wp-container-4 wp-block-column\">\n<div class=\"wp-block-media-text alignwide is-stacked-on-mobile animated fadeInDown\" style=\"grid-template-columns:56% auto\"><figure class=\"wp-block-media-text__media\"><img loading=\"lazy\" width=\"480\" height=\"448\" src=\"https:\/\/electrymec.cl\/wp-content\/uploads\/2022\/11\/tempsnip.jpg\" alt=\"\" class=\"wp-image-819 size-full\" srcset=\"https:\/\/electrymec.cl\/wp-content\/uploads\/2022\/11\/tempsnip.jpg 480w, https:\/\/electrymec.cl\/wp-content\/uploads\/2022\/11\/tempsnip-300x280.jpg 300w\" sizes=\"(max-width: 480px) 100vw, 480px\" \/><\/figure><div class=\"wp-block-media-text__content\">\n<p style=\"font-size:18px\"><strong>Destornillador electr\u00f3nico, Speede\u00ae II electric con slimbits, bater\u00edas y cargador USB en L Boxx mini (7 piezas<\/strong>)&nbsp;<\/p>\n\n\n\n<p class=\"has-small-font-size\">Durante la fijaci\u00f3n, la luz LED integrada proporciona iluminaci\u00f3n permanente para una visi\u00f3n \u00f3ptima del tornillo<\/p>\n\n\n\n<p class=\"has-small-font-size\">El speedE\u00ae se puede utilizar manualmente hasta 8 Nm sin sufrir ning\u00fan da\u00f1o<\/p>\n\n\n\n<p class=\"has-small-font-size\"><\/p>\n<\/div><\/div>\n<\/div>\n\n\n\n<div class=\"wp-container-5 wp-block-column\">\n<div class=\"wp-block-media-text alignwide is-stacked-on-mobile animated fadeInDown\" style=\"grid-template-columns:58% auto\"><figure class=\"wp-block-media-text__media\"><img loading=\"lazy\" width=\"615\" height=\"262\" src=\"https:\/\/electrymec.cl\/wp-content\/uploads\/2022\/11\/Craftsmans-cutters-Standard-model-made-of-stainless-steel-1-1.jpg\" alt=\"\" class=\"wp-image-813 size-full\" srcset=\"https:\/\/electrymec.cl\/wp-content\/uploads\/2022\/11\/Craftsmans-cutters-Standard-model-made-of-stainless-steel-1-1.jpg 615w, https:\/\/electrymec.cl\/wp-content\/uploads\/2022\/11\/Craftsmans-cutters-Standard-model-made-of-stainless-steel-1-1-300x128.jpg 300w\" sizes=\"(max-width: 615px) 100vw, 615px\" \/><\/figure><div class=\"wp-block-media-text__content\">\n<p class=\"has-medium-font-size\"><strong>Tijera electricista<\/strong><\/p>\n\n\n\n<p style=\"font-size:14px\">Longitud total: 145 (mm)<\/p>\n\n\n\n<p class=\"has-small-font-size\">Aumenta su eficiencia: Puede utilizarse universalmente gracias a su forma peque\u00f1a y compacta<\/p>\n<\/div><\/div>\n<\/div>\n<\/div>\n\n\n\n<hr class=\"wp-block-separator has-alpha-channel-opacity\"\/>\n\n\n\n<div class=\"wp-container-9 wp-block-columns animated fadeInDown\">\n<div class=\"wp-container-7 wp-block-column\">\n<div class=\"wp-block-media-text alignwide is-stacked-on-mobile animated fadeInDown\" style=\"grid-template-columns:56% auto\"><figure class=\"wp-block-media-text__media\"><img loading=\"lazy\" width=\"605\" height=\"572\" src=\"https:\/\/electrymec.cl\/wp-content\/uploads\/2022\/11\/tempsnip.png\" alt=\"\" class=\"wp-image-824 size-full\" srcset=\"https:\/\/electrymec.cl\/wp-content\/uploads\/2022\/11\/tempsnip.png 605w, https:\/\/electrymec.cl\/wp-content\/uploads\/2022\/11\/tempsnip-300x284.png 300w\" sizes=\"(max-width: 605px) 100vw, 605px\" \/><\/figure><div class=\"wp-block-media-text__content\">\n<p style=\"font-size:18px\"><strong>Destornillador y juego de 10 puntas destornillador slimVario\u00ae 1000V<\/strong><\/p>\n\n\n\n<p><\/p>\n\n\n\n<p class=\"has-small-font-size\">Con el mango del destornillador SoftFinish\u00ae, Se pueden cubrir m\u00faltiples aplicaciones sin tener que llevar un destornillador por separado para cada perfil<\/p>\n\n\n\n<p class=\"has-small-font-size\"><br><\/p>\n\n\n\n<p class=\"has-small-font-size\"><\/p>\n\n\n\n<p class=\"has-small-font-size\"><\/p>\n<\/div><\/div>\n<\/div>\n\n\n\n<div class=\"wp-container-8 wp-block-column\">\n<p><\/p>\n\n\n\n<p class=\"has-small-font-size\">Gracias a la tecnolog\u00eda Wiha slimTechnology, las hojas slimBit contenidas son hasta un 33 % m\u00e1s delgadas y, por lo tanto, pueden * alcanzar f\u00e1cilmente tornillos y resortes profundos elementos<\/p>\n\n\n\n<p class=\"has-small-font-size\"><strong>Contenido:<\/strong><br>1x Destornillador con portapuntas SoftFinish\u00ae electric slimVario 6 mm<br>1x Destornillador con portapuntas SoftFinish\u00ae electric slimVario para slimBits 6 mm<br>1x Punta el\u00e9ctrica slimBit Ranurada 2,5 mm<br>1x punta el\u00e9ctrica slimBit ranurada de 3,5 mm<br>1x punta el\u00e9ctrica slimBit ranurada de 5,5 mm<br>1x punta el\u00e9ctrica slimBit Phillips PH1<br>1x punta el\u00e9ctrica slimBit Phillips PH2<br>1x punta el\u00e9ctrica slimBit Pozidriv PZ1<br>1x punta el\u00e9ctrica slimBit bit Pozidriv PZ2<br>1x Bolsa plegable<\/p>\n<\/div>\n<\/div>\n\n\n\n<hr class=\"wp-block-separator has-alpha-channel-opacity\"\/>\n\n\n\n<div class=\"wp-container-12 wp-block-columns\">\n<div class=\"wp-container-10 wp-block-column\">\n<div class=\"wp-block-media-text alignwide is-stacked-on-mobile animated fadeInDown\"><figure class=\"wp-block-media-text__media\"><img loading=\"lazy\" width=\"481\" height=\"452\" src=\"https:\/\/electrymec.cl\/wp-content\/uploads\/2022\/11\/WIHA-39971-MICRO-BIT-SET-ESD-MIXED-INCLUDED-BOX-66-PCS.-1.png\" alt=\"\" class=\"wp-image-833 size-full\" srcset=\"https:\/\/electrymec.cl\/wp-content\/uploads\/2022\/11\/WIHA-39971-MICRO-BIT-SET-ESD-MIXED-INCLUDED-BOX-66-PCS.-1.png 481w, https:\/\/electrymec.cl\/wp-content\/uploads\/2022\/11\/WIHA-39971-MICRO-BIT-SET-ESD-MIXED-INCLUDED-BOX-66-PCS.-1-300x282.png 300w\" sizes=\"(max-width: 481px) 100vw, 481px\" \/><\/figure><div class=\"wp-block-media-text__content\">\n<p class=\"has-medium-font-size\"><strong>Juego de micropuntas ESD<\/strong> <\/p>\n\n\n\n<p class=\"has-small-font-size\">El completo juego de puntas cubre todos los tama\u00f1os de perfil peque\u00f1o est\u00e1ndar que se necesitan para tareas de atornillado delicadas y precisas.&nbsp;Las puntas del juego se almacenan de forma segura y ordenada en una caja robusta y claramente organizada.<\/p>\n<\/div><\/div>\n<\/div>\n\n\n\n<div class=\"wp-container-11 wp-block-column\">\n<div class=\"wp-block-media-text alignwide is-stacked-on-mobile animated fadeInDown\"><figure class=\"wp-block-media-text__media\"><img loading=\"lazy\" width=\"506\" height=\"431\" src=\"https:\/\/electrymec.cl\/wp-content\/uploads\/2022\/11\/WIHA-43849-L-KEY-SET-IN-ERGOSTAR-HOLDER-HEXAGONAL-BALL-END-IN-LUMINESCENT-COLOUR-IN-BLISTER-PACK-10-PCS..png\" alt=\"\" class=\"wp-image-834 size-full\" srcset=\"https:\/\/electrymec.cl\/wp-content\/uploads\/2022\/11\/WIHA-43849-L-KEY-SET-IN-ERGOSTAR-HOLDER-HEXAGONAL-BALL-END-IN-LUMINESCENT-COLOUR-IN-BLISTER-PACK-10-PCS..png 506w, https:\/\/electrymec.cl\/wp-content\/uploads\/2022\/11\/WIHA-43849-L-KEY-SET-IN-ERGOSTAR-HOLDER-HEXAGONAL-BALL-END-IN-LUMINESCENT-COLOUR-IN-BLISTER-PACK-10-PCS.-300x256.png 300w\" sizes=\"(max-width: 506px) 100vw, 506px\" \/><\/figure><div class=\"wp-block-media-text__content\">\n<p class=\"has-medium-font-size\"><strong>Juego de llaves Allen en soporte ErgoStar Extremo esf\u00e9rico hexagonal, 10 uds.&nbsp;en color luminiscente<\/strong> <\/p>\n\n\n\n<p class=\"has-small-font-size\">Al girar una llave L en el soporte, todas las dem\u00e1s llaves giran hacia un lado en el mismo \u00e1ngulo, lo que le permite retirar la llave que necesita de forma r\u00e1pida y c\u00f3moda.&nbsp;<\/p>\n\n\n\n<p class=\"has-small-font-size\">Un mecanismo de sujeci\u00f3n en el soporte garantiza que las llaves no se caigan, independientemente de si el soporte est\u00e1 abierto o cerrado.&nbsp;Las teclas L de colores tambi\u00e9n son r\u00e1pidas y f\u00e1ciles de encontrar, incluso en la oscuridad con luz ultravioleta gracias a la pintura luminiscente.&nbsp;<\/p>\n<\/div><\/div>\n<\/div>\n<\/div>\n\n\n\n<hr class=\"wp-block-separator has-alpha-channel-opacity\"\/>\n\n\n\n<div class=\"wp-container-15 wp-block-columns\">\n<div class=\"wp-container-13 wp-block-column\">\n<div class=\"wp-block-media-text alignwide is-stacked-on-mobile animated fadeInDown\" style=\"grid-template-columns:66% auto\"><figure class=\"wp-block-media-text__media\"><img loading=\"lazy\" width=\"488\" height=\"424\" src=\"https:\/\/electrymec.cl\/wp-content\/uploads\/2022\/11\/WIHA-43894-TERMINAL-ACTUATION-TOOL-SOFTFINISH\u00ae.png\" alt=\"\" class=\"wp-image-838 size-full\" srcset=\"https:\/\/electrymec.cl\/wp-content\/uploads\/2022\/11\/WIHA-43894-TERMINAL-ACTUATION-TOOL-SOFTFINISH\u00ae.png 488w, https:\/\/electrymec.cl\/wp-content\/uploads\/2022\/11\/WIHA-43894-TERMINAL-ACTUATION-TOOL-SOFTFINISH\u00ae-300x261.png 300w\" sizes=\"(max-width: 488px) 100vw, 488px\" \/><\/figure><div class=\"wp-block-media-text__content\">\n<p class=\"has-medium-font-size\"><strong>Herramienta de accionamiento de terminales SoftFinish<\/strong> <\/p>\n\n\n\n<p class=\"has-small-font-size\">Ambas manos quedan libres gracias a la funci\u00f3n de bloqueo autom\u00e1tico de la herramienta.&nbsp; <\/p>\n\n\n\n<p class=\"has-small-font-size\">La hoja curva de 40 grados permite una visi\u00f3n \u00f3ptima de la terminal. <\/p>\n\n\n\n<ul class=\"has-small-font-size\"><li><strong>Fuerza de corte<\/strong>&nbsp;: 0,50 mm<\/li><li><strong>Di\u00e1metro del mango<\/strong>&nbsp;: 23 mm<\/li><li><strong>Longitud total<\/strong>&nbsp;: 174mm<\/li><li><strong>Di\u00e1metro de la hoja redonda<\/strong>&nbsp;: 3 mm<\/li><li><strong>Ranurado<\/strong>&nbsp;: 3,50 mm<\/li><li><strong>Longitud visible de la hoja<\/strong>&nbsp;: 70 mm<\/li><\/ul>\n<\/div><\/div>\n<\/div>\n\n\n\n<div class=\"wp-container-14 wp-block-column\">\n<div class=\"wp-block-media-text alignwide is-stacked-on-mobile animated fadeInDown\" style=\"grid-template-columns:57% auto\"><figure class=\"wp-block-media-text__media\"><img loading=\"lazy\" width=\"491\" height=\"438\" src=\"https:\/\/electrymec.cl\/wp-content\/uploads\/2022\/11\/WIHA-45257-TOOL-CASE-BASIC-SET-L-ELECTRIC-39-PCS.-1.png\" alt=\"\" class=\"wp-image-841 size-full\" srcset=\"https:\/\/electrymec.cl\/wp-content\/uploads\/2022\/11\/WIHA-45257-TOOL-CASE-BASIC-SET-L-ELECTRIC-39-PCS.-1.png 491w, https:\/\/electrymec.cl\/wp-content\/uploads\/2022\/11\/WIHA-45257-TOOL-CASE-BASIC-SET-L-ELECTRIC-39-PCS.-1-300x268.png 300w\" sizes=\"(max-width: 491px) 100vw, 491px\" \/><\/figure><div class=\"wp-block-media-text__content\">\n<p class=\"has-medium-font-size\"><strong>Malet\u00edn de herramientas set b\u00e1sico L el\u00e9ctrico (39 uds.) <\/strong><\/p>\n\n\n\n<p class=\"has-small-font-size\">Para el equipamiento b\u00e1sico ideal, el pr\u00e1ctico malet\u00edn de herramientas est\u00e1 equipado con una gama de herramientas manuales de alta calidad, la mayor\u00eda de las cuales ofrecen seguridad adicional cuando se trabaja en piezas bajo tensi\u00f3n debido a su aislamiento con certificaci\u00f3n VDE.<br>Adem\u00e1s, el malet\u00edn ofrece un amplio espacio para otros equipos adicionales individuales gracias a los bucles adicionales y al espacio de almacenamiento. <\/p>\n\n\n\n<p><\/p>\n<\/div><\/div>\n<\/div>\n<\/div>\n\n\n\n<hr class=\"wp-block-separator has-alpha-channel-opacity\"\/>\n\n\n\n        \r\n    <div>\r\n        <div id=\"h5ap69fcbb3561763\" class=\"h5ap_standard_player\" style='width:100%;margin:0 auto;max-width: 100%;'>\r\n            <audio class=\"player\" playsinline controls  autoplay loop >\r\n                <source src=\"https:\/\/electrymec.cl\/wp-content\/uploads\/2022\/11\/0442.-Seaside-AShamaluevMusic.mp3\"  type=\"audio\/mp3\" \/>\r\n            <\/audio>\r\n        <\/div>\r\n    <\/div>\r\n\r\n    \n\n\n\n<p><\/p>\n","protected":false},"excerpt":{"rendered":"<p>Juego de destornilladores SoftFinish\u00ae electric 1000V Ranurado y Phillips (7 uds.) Contenido:1x Destornillador SoftFinish\u00ae el\u00e9ctrico ranurado 2,5 x 75 mm 1x Destornillador SoftFinish\u00ae el\u00e9ctrico Ranurado 4 x 100 mm 1x Destornillador SoftFinish\u00ae el\u00e9ctrico Ranurado 5,5 x 125 mm 1x Destornillador SoftFinish\u00ae el\u00e9ctrico Ranurado 6,5 x 150 mm 1x Destornillador SoftFinish\u00ae el\u00e9ctrico Phillips PH1 x 80 &#8230; <a title=\"Productos Wiha\" class=\"read-more\" href=\"https:\/\/electrymec.cl\/index.php\/productos\/\" aria-label=\"More on Productos Wiha\">Read more<\/a><\/p>\n","protected":false},"author":1,"featured_media":0,"parent":0,"menu_order":0,"comment_status":"closed","ping_status":"closed","template":"","meta":{"ngg_post_thumbnail":0},"_links":{"self":[{"href":"https:\/\/electrymec.cl\/index.php\/wp-json\/wp\/v2\/pages\/771"}],"collection":[{"href":"https:\/\/electrymec.cl\/index.php\/wp-json\/wp\/v2\/pages"}],"about":[{"href":"https:\/\/electrymec.cl\/index.php\/wp-json\/wp\/v2\/types\/page"}],"author":[{"embeddable":true,"href":"https:\/\/electrymec.cl\/index.php\/wp-json\/wp\/v2\/users\/1"}],"replies":[{"embeddable":true,"href":"https:\/\/electrymec.cl\/index.php\/wp-json\/wp\/v2\/comments?post=771"}],"version-history":[{"count":12,"href":"https:\/\/electrymec.cl\/index.php\/wp-json\/wp\/v2\/pages\/771\/revisions"}],"predecessor-version":[{"id":845,"href":"https:\/\/electrymec.cl\/index.php\/wp-json\/wp\/v2\/pages\/771\/revisions\/845"}],"wp:attachment":[{"href":"https:\/\/electrymec.cl\/index.php\/wp-json\/wp\/v2\/media?parent=771"}],"curies":[{"name":"wp","href":"https:\/\/api.w.org\/{rel}","templated":true}]}}