{"id":49,"date":"2022-09-05T19:23:50","date_gmt":"2022-09-05T19:23:50","guid":{"rendered":"https:\/\/electrymec.cl\/?page_id=49"},"modified":"2022-11-14T19:42:49","modified_gmt":"2022-11-14T19:42:49","slug":"quienes-somos","status":"publish","type":"page","link":"https:\/\/electrymec.cl\/index.php\/quienes-somos\/","title":{"rendered":"\u00bfQui\u00e9nes somos?"},"content":{"rendered":"<div class=\"wp-block-site-logo\"><a href=\"https:\/\/electrymec.cl\/\" class=\"custom-logo-link\" rel=\"home\"><img loading=\"lazy\" width=\"288\" height=\"59\" src=\"https:\/\/electrymec.cl\/wp-content\/uploads\/2022\/09\/cropped-logo2.png\" class=\"custom-logo\" alt=\"Cont\u00e1ctanos!\" srcset=\"https:\/\/electrymec.cl\/wp-content\/uploads\/2022\/09\/cropped-logo2.png 952w, https:\/\/electrymec.cl\/wp-content\/uploads\/2022\/09\/cropped-logo2-300x62.png 300w, https:\/\/electrymec.cl\/wp-content\/uploads\/2022\/09\/cropped-logo2-768x158.png 768w\" sizes=\"(max-width: 288px) 100vw, 288px\" \/><\/a><\/div>\n\n\n<p class=\"has-text-align-right animated slideInDown has-text-color has-medium-font-size\" style=\"color:#25699f;font-style:normal;font-weight:300\"><em><strong>Automatizaci\u00f3n, Control y Electricidad en la Industria en general<\/strong><\/em><\/p>\n\n\n\n<hr class=\"wp-block-separator has-text-color has-alpha-channel-opacity has-background animated slideInDown\" style=\"background-color:#68eac3;color:#68eac3\"\/>\n\n\n\n<p class=\"animated fadeInLeft has-medium-font-size\" style=\"font-style:italic;font-weight:900\">S<strong>omos una empresa dedicada al desarrollo y montaje de sistemas el\u00e9ctricos y de automatizaci\u00f3n para todo tipo de empresas, ofreciendo siempre soluciones e ideas creativas, implementando para esto tecnolog\u00eda de punta y usando las mejores marcas en componentes.<\/strong><\/p>\n\n\n\n<p class=\"animated fadeInRight has-medium-font-size\" style=\"font-style:italic;font-weight:900\">E<strong>lectrymec cuenta con profesionales y t\u00e9cnicos a su servicio, que le dar\u00e1 respuesta, respaldo y la garant\u00eda necesaria para el \u00e9xito de su desarrollo e integraci\u00f3n de sus proyectos el\u00e9ctricos.<\/strong><\/p>\n\n\n\n<p class=\"animated fadeInLeft has-medium-font-size\" style=\"font-style:italic;font-weight:900\">N<strong>uestro objetivo es proporcionar soluciones reales, brindando una atenci\u00f3n personalizada, ofreciendo siempre los mejores precios y la mejor calidad a nuestros clientes.<\/strong><\/p>\n\n\n\n<hr class=\"wp-block-separator has-text-color has-alpha-channel-opacity has-background animated slideInDown\" style=\"background-color:#68eac3;color:#68eac3\"\/>\n\n\n\n\n\n<div class=\"ngg-galleryoverview ngg-slideshow\"\n\t id=\"ngg-slideshow-20918e36f50b744e8e6a739acfd15f93-2401765460\"\n     data-gallery-id=\"20918e36f50b744e8e6a739acfd15f93\"\n     style=\"max-width: 750px; max-height: 500px;\">\n\n \t<div id=\"ngg-image-0\" class=\"ngg-gallery-slideshow-image\" style=\"height:500px\">\n\n        <a href=\"https:\/\/electrymec.cl\/wp-content\/gallery\/fotos-1-1\/WhatsApp-Image-2022-09-09-at-12.18.59-PM.jpeg\"\n           title=\"\"\n           data-src=\"https:\/\/electrymec.cl\/wp-content\/gallery\/fotos-1-1\/WhatsApp-Image-2022-09-09-at-12.18.59-PM.jpeg\"\n           data-thumbnail=\"https:\/\/electrymec.cl\/wp-content\/gallery\/fotos-1-1\/thumbs\/thumbs_WhatsApp-Image-2022-09-09-at-12.18.59-PM.jpeg\"\n           data-image-id=\"77\"\n           data-title=\"WhatsApp-Image-2022-09-09-at-12.18.59-PM\"\n           data-description=\"\"\n           class=\"ngg-simplelightbox\" rel=\"20918e36f50b744e8e6a739acfd15f93\">\n\n            <img data-image-id='77'\n                 title=\"\"\n                 alt=\"WhatsApp-Image-2022-09-09-at-12.18.59-PM\"\n                 src=\"https:\/\/electrymec.cl\/wp-content\/gallery\/fotos-1-1\/WhatsApp-Image-2022-09-09-at-12.18.59-PM.jpeg\"\n                 style=\"max-height: 480px;\"\/>\n        <\/a>\n\n        <\/div> \n<div id=\"ngg-image-1\" class=\"ngg-gallery-slideshow-image\" style=\"height:500px\">\n\n        <a href=\"https:\/\/electrymec.cl\/wp-content\/gallery\/fotos-1-1\/WhatsApp-Image-2022-09-09-at-12.18.58-PM-3.jpeg\"\n           title=\"\"\n           data-src=\"https:\/\/electrymec.cl\/wp-content\/gallery\/fotos-1-1\/WhatsApp-Image-2022-09-09-at-12.18.58-PM-3.jpeg\"\n           data-thumbnail=\"https:\/\/electrymec.cl\/wp-content\/gallery\/fotos-1-1\/thumbs\/thumbs_WhatsApp-Image-2022-09-09-at-12.18.58-PM-3.jpeg\"\n           data-image-id=\"78\"\n           data-title=\"WhatsApp-Image-2022-09-09-at-12.18.58-PM-3\"\n           data-description=\"\"\n           class=\"ngg-simplelightbox\" rel=\"20918e36f50b744e8e6a739acfd15f93\">\n\n            <img data-image-id='78'\n                 title=\"\"\n                 alt=\"WhatsApp-Image-2022-09-09-at-12.18.58-PM-3\"\n                 src=\"https:\/\/electrymec.cl\/wp-content\/gallery\/fotos-1-1\/WhatsApp-Image-2022-09-09-at-12.18.58-PM-3.jpeg\"\n                 style=\"max-height: 480px;\"\/>\n        <\/a>\n\n        <\/div> \n<div id=\"ngg-image-2\" class=\"ngg-gallery-slideshow-image\" style=\"height:500px\">\n\n        <a href=\"https:\/\/electrymec.cl\/wp-content\/gallery\/fotos-1-1\/WhatsApp-Image-2022-09-09-at-12.18.59-PM-1.jpeg\"\n           title=\"\"\n           data-src=\"https:\/\/electrymec.cl\/wp-content\/gallery\/fotos-1-1\/WhatsApp-Image-2022-09-09-at-12.18.59-PM-1.jpeg\"\n           data-thumbnail=\"https:\/\/electrymec.cl\/wp-content\/gallery\/fotos-1-1\/thumbs\/thumbs_WhatsApp-Image-2022-09-09-at-12.18.59-PM-1.jpeg\"\n           data-image-id=\"79\"\n           data-title=\"WhatsApp-Image-2022-09-09-at-12.18.59-PM-1\"\n           data-description=\"\"\n           class=\"ngg-simplelightbox\" rel=\"20918e36f50b744e8e6a739acfd15f93\">\n\n            <img data-image-id='79'\n                 title=\"\"\n                 alt=\"WhatsApp-Image-2022-09-09-at-12.18.59-PM-1\"\n                 src=\"https:\/\/electrymec.cl\/wp-content\/gallery\/fotos-1-1\/WhatsApp-Image-2022-09-09-at-12.18.59-PM-1.jpeg\"\n                 style=\"max-height: 480px;\"\/>\n        <\/a>\n\n        <\/div> \n<div id=\"ngg-image-3\" class=\"ngg-gallery-slideshow-image\" style=\"height:500px\">\n\n        <a href=\"https:\/\/electrymec.cl\/wp-content\/gallery\/fotos-1-1\/20220910_110707-1.jpg\"\n           title=\"\"\n           data-src=\"https:\/\/electrymec.cl\/wp-content\/gallery\/fotos-1-1\/20220910_110707-1.jpg\"\n           data-thumbnail=\"https:\/\/electrymec.cl\/wp-content\/gallery\/fotos-1-1\/thumbs\/thumbs_20220910_110707-1.jpg\"\n           data-image-id=\"80\"\n           data-title=\"20220910_110707-1\"\n           data-description=\"\"\n           class=\"ngg-simplelightbox\" rel=\"20918e36f50b744e8e6a739acfd15f93\">\n\n            <img data-image-id='80'\n                 title=\"\"\n                 alt=\"20220910_110707-1\"\n                 src=\"https:\/\/electrymec.cl\/wp-content\/gallery\/fotos-1-1\/20220910_110707-1.jpg\"\n                 style=\"max-height: 480px;\"\/>\n        <\/a>\n\n        <\/div> \n<\/div>\n\n\n\n\n\n\n\n<hr class=\"wp-block-separator has-alpha-channel-opacity\"\/>\n\n\n\n<p class=\"has-text-align-right animated lightSpeedInLeft has-medium-font-size\"><a href=\"https:\/\/electrymec.cl\/\">Cont\u00e1ctanos 09:00 &#8211; 18:30 hrs<\/a><\/p>\n\n\n\n<p class=\"has-text-align-right animated lightSpeedInLeft\">\u260f \/+ (569) 39 51 01 00 \/ + (652) 89 93 61 \/ \u260f<\/p>\n\n\n\n<hr class=\"wp-block-separator has-alpha-channel-opacity\"\/>\n\n\n\n        \r\n    <div>\r\n        <div id=\"h5ap69fcbae7107a0\" class=\"h5ap_standard_player\" style='width:100%;margin:0 auto;max-width: 100%;'>\r\n            <audio class=\"player\" playsinline controls  autoplay loop >\r\n                <source src=\"https:\/\/electrymec.cl\/wp-content\/uploads\/2022\/11\/0442.-Seaside-AShamaluevMusic.mp3\"  type=\"audio\/mp3\" \/>\r\n            <\/audio>\r\n        <\/div>\r\n    <\/div>\r\n\r\n    \n","protected":false},"excerpt":{"rendered":"<p>Automatizaci\u00f3n, Control y Electricidad en la Industria en general Somos una empresa dedicada al desarrollo y montaje de sistemas el\u00e9ctricos y de automatizaci\u00f3n para todo tipo de empresas, ofreciendo siempre soluciones e ideas creativas, implementando para esto tecnolog\u00eda de punta y usando las mejores marcas en componentes. Electrymec cuenta con profesionales y t\u00e9cnicos a su &#8230; <a title=\"\u00bfQui\u00e9nes somos?\" class=\"read-more\" href=\"https:\/\/electrymec.cl\/index.php\/quienes-somos\/\" aria-label=\"More on \u00bfQui\u00e9nes somos?\">Read more<\/a><\/p>\n","protected":false},"author":1,"featured_media":0,"parent":0,"menu_order":0,"comment_status":"closed","ping_status":"closed","template":"","meta":{"ngg_post_thumbnail":0},"_links":{"self":[{"href":"https:\/\/electrymec.cl\/index.php\/wp-json\/wp\/v2\/pages\/49"}],"collection":[{"href":"https:\/\/electrymec.cl\/index.php\/wp-json\/wp\/v2\/pages"}],"about":[{"href":"https:\/\/electrymec.cl\/index.php\/wp-json\/wp\/v2\/types\/page"}],"author":[{"embeddable":true,"href":"https:\/\/electrymec.cl\/index.php\/wp-json\/wp\/v2\/users\/1"}],"replies":[{"embeddable":true,"href":"https:\/\/electrymec.cl\/index.php\/wp-json\/wp\/v2\/comments?post=49"}],"version-history":[{"count":19,"href":"https:\/\/electrymec.cl\/index.php\/wp-json\/wp\/v2\/pages\/49\/revisions"}],"predecessor-version":[{"id":804,"href":"https:\/\/electrymec.cl\/index.php\/wp-json\/wp\/v2\/pages\/49\/revisions\/804"}],"wp:attachment":[{"href":"https:\/\/electrymec.cl\/index.php\/wp-json\/wp\/v2\/media?parent=49"}],"curies":[{"name":"wp","href":"https:\/\/api.w.org\/{rel}","templated":true}]}}