{"id":38,"date":"2022-09-05T18:51:39","date_gmt":"2022-09-05T18:51:39","guid":{"rendered":"https:\/\/electrymec.cl\/?page_id=38"},"modified":"2022-11-24T17:18:08","modified_gmt":"2022-11-24T17:18:08","slug":"contactanos","status":"publish","type":"page","link":"https:\/\/electrymec.cl\/index.php\/contactanos\/","title":{"rendered":"Cont\u00e1ctanos"},"content":{"rendered":"\n<div class=\"wp-container-3 wp-block-columns\">\n<div class=\"wp-container-1 wp-block-column\">\n<div class=\"wp-block-contact-form-7-contact-form-selector animated lightSpeedInLeft slower\"><div role=\"form\" class=\"wpcf7\" id=\"wpcf7-f219-o1\" lang=\"en-US\" dir=\"ltr\">\n<div class=\"screen-reader-response\"><p role=\"status\" aria-live=\"polite\" aria-atomic=\"true\"><\/p> <ul><\/ul><\/div>\n<form action=\"\/index.php\/wp-json\/wp\/v2\/pages\/38#wpcf7-f219-o1\" method=\"post\" class=\"wpcf7-form init\" novalidate=\"novalidate\" data-status=\"init\">\n<div style=\"display: none;\">\n<input type=\"hidden\" name=\"_wpcf7\" value=\"219\" \/>\n<input type=\"hidden\" name=\"_wpcf7_version\" value=\"5.6.3\" \/>\n<input type=\"hidden\" name=\"_wpcf7_locale\" value=\"en_US\" \/>\n<input type=\"hidden\" name=\"_wpcf7_unit_tag\" value=\"wpcf7-f219-o1\" \/>\n<input type=\"hidden\" name=\"_wpcf7_container_post\" value=\"0\" \/>\n<input type=\"hidden\" name=\"_wpcf7_posted_data_hash\" value=\"\" \/>\n<\/div>\n<p><label> Nombre (requerido)<br \/>\n    <span class=\"wpcf7-form-control-wrap\" data-name=\"your-name\"><input type=\"text\" name=\"your-name\" value=\"\" size=\"40\" class=\"wpcf7-form-control wpcf7-text wpcf7-validates-as-required\" aria-required=\"true\" aria-invalid=\"false\" \/><\/span> <\/label><\/p>\n<p><label> Apellido  <span class=\"wpcf7-form-control-wrap\" data-name=\"text-406\"><input type=\"text\" name=\"text-406\" value=\"\" size=\"40\" class=\"wpcf7-form-control wpcf7-text\" aria-invalid=\"false\" \/><\/span><\/label><\/p>\n<p><label> Tel\u00e9fono  <span class=\"wpcf7-form-control-wrap\" data-name=\"tel-434\"><input type=\"tel\" name=\"tel-434\" value=\"\" size=\"40\" class=\"wpcf7-form-control wpcf7-text wpcf7-tel wpcf7-validates-as-tel\" aria-invalid=\"false\" \/><\/span><\/label><\/p>\n<p><label> Correo electr\u00f3nico<br \/>\n    <span class=\"wpcf7-form-control-wrap\" data-name=\"your-email\"><input type=\"email\" name=\"your-email\" value=\"\" size=\"40\" class=\"wpcf7-form-control wpcf7-text wpcf7-email wpcf7-validates-as-required wpcf7-validates-as-email\" aria-required=\"true\" aria-invalid=\"false\" \/><\/span> <\/label><\/p>\n<p><label> Asunto<br \/>\n    <span class=\"wpcf7-form-control-wrap\" data-name=\"your-subject\"><input type=\"text\" name=\"your-subject\" value=\"\" size=\"40\" class=\"wpcf7-form-control wpcf7-text wpcf7-validates-as-required\" aria-required=\"true\" aria-invalid=\"false\" \/><\/span> <\/label><\/p>\n<p><label> Mensaje (opcional)<br \/>\n    <span class=\"wpcf7-form-control-wrap\" data-name=\"your-message\"><textarea name=\"your-message\" cols=\"40\" rows=\"10\" class=\"wpcf7-form-control wpcf7-textarea\" aria-invalid=\"false\"><\/textarea><\/span> <\/label><\/p>\n<p><input type=\"submit\" value=\"Enviar\" class=\"wpcf7-form-control has-spinner wpcf7-submit\" \/><\/p>\n<div class=\"wpcf7-response-output\" aria-hidden=\"true\"><\/div><\/form><\/div><\/div>\n<\/div>\n\n\n\n<div class=\"wp-container-2 wp-block-column\">\n<p class=\"has-text-align-center animated lightSpeedInLeft slower\" style=\"font-size:38px\"><em>Cont\u00e1ctanos y gestionamos tu cotizaci\u00f3n<\/em> <\/p>\n\n\n\n<div class=\"wp-block-gb-lottiefiles\" style=\"background-color:transparent\"><lottie-player id=\"\" interactivitytype=\"none\" interactivitymode=\"none\" visibilitystart=\"0\" visibilityend=\"1\" framesstart=\"0\" framesend=\"25\" rest=\"{}\" totalframes=\"25\" mode=\"normal\" src=\"\" speed=\"1\" background=\"transparent\" class=\"lottie-player mx-auto mr-0\" style=\"width:300px;height:300px\"><\/lottie-player><\/div>\n<\/div>\n<\/div>\n\n\n\n<hr class=\"wp-block-separator has-text-color has-alpha-channel-opacity has-background is-style-wide animated fadeIn\" style=\"background-color:#ffd94f;color:#ffd94f\"\/>\n\n\n\n<p class=\"has-text-align-right animated lightSpeedInLeft\"><\/p>\n\n\n\n<div class=\"wp-block-webfactory-map\"><div class=\"wp-block-webfactory-map\"><iframe loading=\"lazy\" width=\"100%\" height=\"389px\" src=\"https:\/\/www.google.com\/maps\/embed\/v1\/place?q=pje%20lepihue%205077&amp;maptype=roadmap&amp;zoom=13&amp;key=AIzaSyAjyDspiPfzEfjRSS5fQzm-3jHFjHxeXB4\" frameborder=\"0\"><\/iframe><\/div><\/div>\n\n\n\n<hr class=\"wp-block-separator has-text-color has-alpha-channel-opacity has-background is-style-wide\" style=\"background-color:#ffea6e;color:#ffea6e\"\/>\n\n\n\n<div class=\"wp-container-7 wp-block-columns\">\n<div class=\"wp-container-4 wp-block-column\">\n<p style=\"font-size:18px\">\u260e <strong>+65 2 89 93 61<\/strong><\/p>\n\n\n\n<p><em>Lunes a viernes 9:00 &#8211; 18:30 hrs<\/em>.<\/p>\n<\/div>\n\n\n\n<div class=\"wp-container-5 wp-block-column\">\n<p>? <strong>Contacto@electrymec.cl<\/strong><\/p>\n\n\n\n<p><em>Cont\u00e1ctanos v\u00eda mail<\/em>.<\/p>\n<\/div>\n\n\n\n<div class=\"wp-container-6 wp-block-column\">\n<figure class=\"wp-block-image size-full is-resized\"><img loading=\"lazy\" src=\"https:\/\/electrymec.cl\/wp-content\/uploads\/2022\/11\/image.png\" alt=\"\" class=\"wp-image-777\" width=\"33\" height=\"33\"\/><\/figure>\n\n\n\n<p><em><strong>Direcci\u00f3n<\/strong>: Pasaje Lepihue 5077, Puerto Montt. <\/em><\/p>\n<\/div>\n<\/div>\n\n\n\n        \r\n    <div>\r\n        <div id=\"h5ap69fcbb30f121c\" class=\"h5ap_standard_player\" style='width:100%;margin:0 auto;max-width: 100%;'>\r\n            <audio class=\"player\" playsinline controls  autoplay loop >\r\n                <source src=\"https:\/\/electrymec.cl\/wp-content\/uploads\/2022\/11\/0442.-Seaside-AShamaluevMusic.mp3\"  type=\"audio\/mp3\" \/>\r\n            <\/audio>\r\n        <\/div>\r\n    <\/div>\r\n\r\n    \n","protected":false},"excerpt":{"rendered":"<p>Cont\u00e1ctanos y gestionamos tu cotizaci\u00f3n \u260e +65 2 89 93 61 Lunes a viernes 9:00 &#8211; 18:30 hrs. ? Contacto@electrymec.cl Cont\u00e1ctanos v\u00eda mail. Direcci\u00f3n: Pasaje Lepihue 5077, Puerto Montt.<\/p>\n","protected":false},"author":1,"featured_media":0,"parent":0,"menu_order":0,"comment_status":"closed","ping_status":"closed","template":"","meta":{"ngg_post_thumbnail":0},"_links":{"self":[{"href":"https:\/\/electrymec.cl\/index.php\/wp-json\/wp\/v2\/pages\/38"}],"collection":[{"href":"https:\/\/electrymec.cl\/index.php\/wp-json\/wp\/v2\/pages"}],"about":[{"href":"https:\/\/electrymec.cl\/index.php\/wp-json\/wp\/v2\/types\/page"}],"author":[{"embeddable":true,"href":"https:\/\/electrymec.cl\/index.php\/wp-json\/wp\/v2\/users\/1"}],"replies":[{"embeddable":true,"href":"https:\/\/electrymec.cl\/index.php\/wp-json\/wp\/v2\/comments?post=38"}],"version-history":[{"count":14,"href":"https:\/\/electrymec.cl\/index.php\/wp-json\/wp\/v2\/pages\/38\/revisions"}],"predecessor-version":[{"id":850,"href":"https:\/\/electrymec.cl\/index.php\/wp-json\/wp\/v2\/pages\/38\/revisions\/850"}],"wp:attachment":[{"href":"https:\/\/electrymec.cl\/index.php\/wp-json\/wp\/v2\/media?parent=38"}],"curies":[{"name":"wp","href":"https:\/\/api.w.org\/{rel}","templated":true}]}}