{"id":36,"date":"2022-09-05T18:51:39","date_gmt":"2022-09-05T18:51:39","guid":{"rendered":"https:\/\/electrymec.cl\/?page_id=36"},"modified":"2022-11-14T19:43:51","modified_gmt":"2022-11-14T19:43:51","slug":"nuestros-servicios","status":"publish","type":"page","link":"https:\/\/electrymec.cl\/index.php\/nuestros-servicios\/","title":{"rendered":"Nuestros servicios"},"content":{"rendered":"\n<p><\/p>\n\n\n\n<p class=\"animated slideInLeft slower has-background\" style=\"background-color:#fff1d0;font-size:22px\"><em><strong>ELECTRYMEC SPA<\/strong>, surge con el objetivo de satisfacer las necesidades de<\/em>:<\/p>\n\n\n\n<div class=\"wp-container-3 wp-block-columns\">\n<div class=\"wp-container-1 wp-block-column\">\n<ul class=\"animated fadeInLeftBig\" style=\"font-size:21px\"><li><strong><em>Montaje Electromec\u00e1nico<\/em><\/strong><\/li><li><strong><em>Instalaciones el\u00e9ctricas<\/em><\/strong><\/li><li><strong><em>Mantenimiento el\u00e9ctrico, preventivo, correctivo.<\/em><\/strong><\/li><li><strong><em>Automatizaci\u00f3n industrial<\/em><\/strong><\/li><li><strong><em>Proyectos el\u00e9ctricos<\/em><\/strong><\/li><li><strong><em>Controladores, PLCs<\/em><\/strong><\/li><li><strong><em>Variadores de frecuencia, Drives( todas las marcas), Arrancadores suaves.<\/em><\/strong><\/li><li><strong><em>Contadores de peces AquaScan<\/em><\/strong><\/li><li><strong><em>Motores el\u00e9ctricos<\/em><\/strong><\/li><\/ul>\n<\/div>\n\n\n\n<div class=\"wp-container-2 wp-block-column\">\n<ul class=\"animated fadeInRightBig\" style=\"font-size:21px\"><li><strong><em>Tableros de fuerza, alumbrado y control.<\/em><\/strong><\/li><li><strong><em>Redes de control y comunicaci\u00f3n industrial.<\/em><\/strong><\/li><li><strong><em>Programaci\u00f3n de PLC y HMI<\/em><\/strong><\/li><li><strong><em>Dise\u00f1o e integraci\u00f3n de tableros el\u00e9ctricos.<\/em><\/strong><\/li><li><strong><em>Sistemas de oxigenaci\u00f3n<\/em><\/strong><\/li><li><strong><em>Sistema de control y monitoreo de par\u00e1metros (oxigeno, CO2, PH, Salinidad,<\/em><\/strong><\/li><li><strong><em>temperatura).<\/em><\/strong><\/li><li><strong><em>Mejoras en sistemas de bombeo de peces<\/em>.<\/strong><\/li><\/ul>\n<\/div>\n<\/div>\n\n\n\n<hr class=\"wp-block-separator has-text-color has-alpha-channel-opacity has-background\" style=\"background-color:#ffd863;color:#ffd863\"\/>\n\n\n\n<div class=\"wp-container-6 wp-block-columns\">\n<div class=\"wp-container-4 wp-block-column\">\n\n\n<div class=\"ngg-galleryoverview ngg-slideshow\"\n\t id=\"ngg-slideshow-3a9b2e7da1a4ba09e29f653df29e484d-9383093530\"\n     data-gallery-id=\"3a9b2e7da1a4ba09e29f653df29e484d\"\n     style=\"max-width: 750px; max-height: 500px;\">\n\n \t<div id=\"ngg-image-0\" class=\"ngg-gallery-slideshow-image\" style=\"height:500px\">\n\n        <a href=\"https:\/\/electrymec.cl\/wp-content\/gallery\/fotos-1-1\/WhatsApp-Image-2022-09-09-at-12.18.59-PM.jpeg\"\n           title=\"\"\n           data-src=\"https:\/\/electrymec.cl\/wp-content\/gallery\/fotos-1-1\/WhatsApp-Image-2022-09-09-at-12.18.59-PM.jpeg\"\n           data-thumbnail=\"https:\/\/electrymec.cl\/wp-content\/gallery\/fotos-1-1\/thumbs\/thumbs_WhatsApp-Image-2022-09-09-at-12.18.59-PM.jpeg\"\n           data-image-id=\"77\"\n           data-title=\"WhatsApp-Image-2022-09-09-at-12.18.59-PM\"\n           data-description=\"\"\n           class=\"ngg-simplelightbox\" rel=\"3a9b2e7da1a4ba09e29f653df29e484d\">\n\n            <img data-image-id='77'\n                 title=\"\"\n                 alt=\"WhatsApp-Image-2022-09-09-at-12.18.59-PM\"\n                 src=\"https:\/\/electrymec.cl\/wp-content\/gallery\/fotos-1-1\/WhatsApp-Image-2022-09-09-at-12.18.59-PM.jpeg\"\n                 style=\"max-height: 480px;\"\/>\n        <\/a>\n\n        <\/div> \n<div id=\"ngg-image-1\" class=\"ngg-gallery-slideshow-image\" style=\"height:500px\">\n\n        <a href=\"https:\/\/electrymec.cl\/wp-content\/gallery\/fotos-1-1\/WhatsApp-Image-2022-09-09-at-12.18.58-PM-3.jpeg\"\n           title=\"\"\n           data-src=\"https:\/\/electrymec.cl\/wp-content\/gallery\/fotos-1-1\/WhatsApp-Image-2022-09-09-at-12.18.58-PM-3.jpeg\"\n           data-thumbnail=\"https:\/\/electrymec.cl\/wp-content\/gallery\/fotos-1-1\/thumbs\/thumbs_WhatsApp-Image-2022-09-09-at-12.18.58-PM-3.jpeg\"\n           data-image-id=\"78\"\n           data-title=\"WhatsApp-Image-2022-09-09-at-12.18.58-PM-3\"\n           data-description=\"\"\n           class=\"ngg-simplelightbox\" rel=\"3a9b2e7da1a4ba09e29f653df29e484d\">\n\n            <img data-image-id='78'\n                 title=\"\"\n                 alt=\"WhatsApp-Image-2022-09-09-at-12.18.58-PM-3\"\n                 src=\"https:\/\/electrymec.cl\/wp-content\/gallery\/fotos-1-1\/WhatsApp-Image-2022-09-09-at-12.18.58-PM-3.jpeg\"\n                 style=\"max-height: 480px;\"\/>\n        <\/a>\n\n        <\/div> \n<div id=\"ngg-image-2\" class=\"ngg-gallery-slideshow-image\" style=\"height:500px\">\n\n        <a href=\"https:\/\/electrymec.cl\/wp-content\/gallery\/fotos-1-1\/WhatsApp-Image-2022-09-09-at-12.18.59-PM-1.jpeg\"\n           title=\"\"\n           data-src=\"https:\/\/electrymec.cl\/wp-content\/gallery\/fotos-1-1\/WhatsApp-Image-2022-09-09-at-12.18.59-PM-1.jpeg\"\n           data-thumbnail=\"https:\/\/electrymec.cl\/wp-content\/gallery\/fotos-1-1\/thumbs\/thumbs_WhatsApp-Image-2022-09-09-at-12.18.59-PM-1.jpeg\"\n           data-image-id=\"79\"\n           data-title=\"WhatsApp-Image-2022-09-09-at-12.18.59-PM-1\"\n           data-description=\"\"\n           class=\"ngg-simplelightbox\" rel=\"3a9b2e7da1a4ba09e29f653df29e484d\">\n\n            <img data-image-id='79'\n                 title=\"\"\n                 alt=\"WhatsApp-Image-2022-09-09-at-12.18.59-PM-1\"\n                 src=\"https:\/\/electrymec.cl\/wp-content\/gallery\/fotos-1-1\/WhatsApp-Image-2022-09-09-at-12.18.59-PM-1.jpeg\"\n                 style=\"max-height: 480px;\"\/>\n        <\/a>\n\n        <\/div> \n<div id=\"ngg-image-3\" class=\"ngg-gallery-slideshow-image\" style=\"height:500px\">\n\n        <a href=\"https:\/\/electrymec.cl\/wp-content\/gallery\/fotos-1-1\/20220910_110707-1.jpg\"\n           title=\"\"\n           data-src=\"https:\/\/electrymec.cl\/wp-content\/gallery\/fotos-1-1\/20220910_110707-1.jpg\"\n           data-thumbnail=\"https:\/\/electrymec.cl\/wp-content\/gallery\/fotos-1-1\/thumbs\/thumbs_20220910_110707-1.jpg\"\n           data-image-id=\"80\"\n           data-title=\"20220910_110707-1\"\n           data-description=\"\"\n           class=\"ngg-simplelightbox\" rel=\"3a9b2e7da1a4ba09e29f653df29e484d\">\n\n            <img data-image-id='80'\n                 title=\"\"\n                 alt=\"20220910_110707-1\"\n                 src=\"https:\/\/electrymec.cl\/wp-content\/gallery\/fotos-1-1\/20220910_110707-1.jpg\"\n                 style=\"max-height: 480px;\"\/>\n        <\/a>\n\n        <\/div> \n<\/div>\n\n\n\n\n<\/div>\n\n\n\n<div class=\"wp-container-5 wp-block-column\">\n\n\n<div class=\"ngg-galleryoverview ngg-slideshow\"\n\t id=\"ngg-slideshow-8a0a5eee0e6a87891da4acde4d2514cc-18328203090\"\n     data-gallery-id=\"8a0a5eee0e6a87891da4acde4d2514cc\"\n     style=\"max-width: 750px; max-height: 500px;\">\n\n \t<div id=\"ngg-image-0\" class=\"ngg-gallery-slideshow-image\" style=\"height:500px\">\n\n        <a href=\"https:\/\/electrymec.cl\/wp-content\/gallery\/fotos-2\/IMG_7813.PNG\"\n           title=\"\"\n           data-src=\"https:\/\/electrymec.cl\/wp-content\/gallery\/fotos-2\/IMG_7813.PNG\"\n           data-thumbnail=\"https:\/\/electrymec.cl\/wp-content\/gallery\/fotos-2\/thumbs\/thumbs_IMG_7813.PNG\"\n           data-image-id=\"81\"\n           data-title=\"IMG_7813\"\n           data-description=\"\"\n           class=\"ngg-simplelightbox\" rel=\"8a0a5eee0e6a87891da4acde4d2514cc\">\n\n            <img data-image-id='81'\n                 title=\"\"\n                 alt=\"IMG_7813\"\n                 src=\"https:\/\/electrymec.cl\/wp-content\/gallery\/fotos-2\/IMG_7813.PNG\"\n                 style=\"max-height: 480px;\"\/>\n        <\/a>\n\n        <\/div> \n<div id=\"ngg-image-1\" class=\"ngg-gallery-slideshow-image\" style=\"height:500px\">\n\n        <a href=\"https:\/\/electrymec.cl\/wp-content\/gallery\/fotos-2\/IMG_7821.PNG\"\n           title=\"\"\n           data-src=\"https:\/\/electrymec.cl\/wp-content\/gallery\/fotos-2\/IMG_7821.PNG\"\n           data-thumbnail=\"https:\/\/electrymec.cl\/wp-content\/gallery\/fotos-2\/thumbs\/thumbs_IMG_7821.PNG\"\n           data-image-id=\"82\"\n           data-title=\"IMG_7821\"\n           data-description=\"\"\n           class=\"ngg-simplelightbox\" rel=\"8a0a5eee0e6a87891da4acde4d2514cc\">\n\n            <img data-image-id='82'\n                 title=\"\"\n                 alt=\"IMG_7821\"\n                 src=\"https:\/\/electrymec.cl\/wp-content\/gallery\/fotos-2\/IMG_7821.PNG\"\n                 style=\"max-height: 480px;\"\/>\n        <\/a>\n\n        <\/div> \n<div id=\"ngg-image-2\" class=\"ngg-gallery-slideshow-image\" style=\"height:500px\">\n\n        <a href=\"https:\/\/electrymec.cl\/wp-content\/gallery\/fotos-2\/IMG_20220414_115930.jpg\"\n           title=\"\"\n           data-src=\"https:\/\/electrymec.cl\/wp-content\/gallery\/fotos-2\/IMG_20220414_115930.jpg\"\n           data-thumbnail=\"https:\/\/electrymec.cl\/wp-content\/gallery\/fotos-2\/thumbs\/thumbs_IMG_20220414_115930.jpg\"\n           data-image-id=\"83\"\n           data-title=\"IMG_20220414_115930\"\n           data-description=\"\"\n           class=\"ngg-simplelightbox\" rel=\"8a0a5eee0e6a87891da4acde4d2514cc\">\n\n            <img data-image-id='83'\n                 title=\"\"\n                 alt=\"IMG_20220414_115930\"\n                 src=\"https:\/\/electrymec.cl\/wp-content\/gallery\/fotos-2\/IMG_20220414_115930.jpg\"\n                 style=\"max-height: 480px;\"\/>\n        <\/a>\n\n        <\/div> \n<div id=\"ngg-image-3\" class=\"ngg-gallery-slideshow-image\" style=\"height:500px\">\n\n        <a href=\"https:\/\/electrymec.cl\/wp-content\/gallery\/fotos-2\/IMG_7825.PNG\"\n           title=\"\"\n           data-src=\"https:\/\/electrymec.cl\/wp-content\/gallery\/fotos-2\/IMG_7825.PNG\"\n           data-thumbnail=\"https:\/\/electrymec.cl\/wp-content\/gallery\/fotos-2\/thumbs\/thumbs_IMG_7825.PNG\"\n           data-image-id=\"84\"\n           data-title=\"IMG_7825\"\n           data-description=\"\"\n           class=\"ngg-simplelightbox\" rel=\"8a0a5eee0e6a87891da4acde4d2514cc\">\n\n            <img data-image-id='84'\n                 title=\"\"\n                 alt=\"IMG_7825\"\n                 src=\"https:\/\/electrymec.cl\/wp-content\/gallery\/fotos-2\/IMG_7825.PNG\"\n                 style=\"max-height: 480px;\"\/>\n        <\/a>\n\n        <\/div> \n<div id=\"ngg-image-4\" class=\"ngg-gallery-slideshow-image\" style=\"height:500px\">\n\n        <a href=\"https:\/\/electrymec.cl\/wp-content\/gallery\/fotos-2\/IMG_7824.PNG\"\n           title=\"\"\n           data-src=\"https:\/\/electrymec.cl\/wp-content\/gallery\/fotos-2\/IMG_7824.PNG\"\n           data-thumbnail=\"https:\/\/electrymec.cl\/wp-content\/gallery\/fotos-2\/thumbs\/thumbs_IMG_7824.PNG\"\n           data-image-id=\"85\"\n           data-title=\"IMG_7824\"\n           data-description=\"\"\n           class=\"ngg-simplelightbox\" rel=\"8a0a5eee0e6a87891da4acde4d2514cc\">\n\n            <img data-image-id='85'\n                 title=\"\"\n                 alt=\"IMG_7824\"\n                 src=\"https:\/\/electrymec.cl\/wp-content\/gallery\/fotos-2\/IMG_7824.PNG\"\n                 style=\"max-height: 480px;\"\/>\n        <\/a>\n\n        <\/div> \n<\/div>\n\n\n\n\n<\/div>\n<\/div>\n\n\n\n<hr class=\"wp-block-separator has-text-color has-alpha-channel-opacity has-background\" style=\"background-color:#ffeb4d;color:#ffeb4d\"\/>\n\n\n\n<div class=\"wp-container-12 wp-block-columns\">\n<div class=\"wp-container-7 wp-block-column\">\n<div class=\"wp-block-webfactory-map\"><div class=\"wp-block-webfactory-map\"><iframe loading=\"lazy\" width=\"100%\" height=\"300px\" src=\"https:\/\/www.google.com\/maps\/embed\/v1\/place?q=Pasaje%20lepihue%205077&amp;maptype=roadmap&amp;zoom=10&amp;key=AIzaSyAjyDspiPfzEfjRSS5fQzm-3jHFjHxeXB4\" frameborder=\"0\"><\/iframe><\/div><\/div>\n<\/div>\n\n\n\n<div class=\"wp-container-8 wp-block-column animated zoomInDown\">\n<blockquote class=\"wp-block-quote has-text-align-center\"><p><\/p><p><strong><em>Comencemos a transformar su negocio con una automatizaci\u00f3n impactante<\/em><\/strong><\/p><\/blockquote>\n<\/div>\n\n\n\n<div class=\"wp-container-11 wp-block-column\"><nav style=\"text-transform:capitalize;\" class=\"wp-container-10 is-content-justification-center has-background has-base-2-background-color has-medium-font-size is-responsive items-justified-center alignwide wp-block-navigation has-medium-font-size\" aria-label=\"INICIO\"><button aria-haspopup=\"true\" aria-label=\"Open menu\" class=\"wp-block-navigation__responsive-container-open \" data-micromodal-trigger=\"modal-9\"><svg width=\"24\" height=\"24\" xmlns=\"http:\/\/www.w3.org\/2000\/svg\" viewBox=\"0 0 24 24\" aria-hidden=\"true\" focusable=\"false\"><rect x=\"4\" y=\"7.5\" width=\"16\" height=\"1.5\" \/><rect x=\"4\" y=\"15\" width=\"16\" height=\"1.5\" \/><\/svg><\/button>\n\t\t\t<div class=\"wp-block-navigation__responsive-container  has-text-color has-base-3-color\" style=\"\" id=\"modal-9\">\n\t\t\t\t<div class=\"wp-block-navigation__responsive-close\" tabindex=\"-1\" data-micromodal-close>\n\t\t\t\t\t<div class=\"wp-block-navigation__responsive-dialog\" aria-label=\"Menu\">\n\t\t\t\t\t\t\t<button aria-label=\"Close menu\" data-micromodal-close class=\"wp-block-navigation__responsive-container-close\"><svg xmlns=\"http:\/\/www.w3.org\/2000\/svg\" viewBox=\"0 0 24 24\" width=\"24\" height=\"24\" aria-hidden=\"true\" focusable=\"false\"><path d=\"M13 11.8l6.1-6.3-1-1-6.1 6.2-6.1-6.2-1 1 6.1 6.3-6.5 6.7 1 1 6.5-6.6 6.5 6.6 1-1z\"><\/path><\/svg><\/button>\n\t\t\t\t\t\t<div class=\"wp-block-navigation__responsive-container-content\" id=\"modal-9-content\">\n\t\t\t\t\t\t\t<ul class=\"wp-block-navigation__container\"><li class=\"has-background has-base-2-background-color has-medium-font-size wp-block-navigation-item open-on-hover-click wp-block-navigation-submenu\"><a class=\"wp-block-navigation-item__content\" href=\"https:\/\/electrymec.cl\"><br><strong><br><em>Inici<\/em><\/strong><strong><em>o<\/em><\/strong><\/a><button aria-label=\"Inicio submenu\" class=\"wp-block-navigation__submenu-icon wp-block-navigation-submenu__toggle\" aria-expanded=\"false\"><svg xmlns=\"http:\/\/www.w3.org\/2000\/svg\" width=\"12\" height=\"12\" viewBox=\"0 0 12 12\" fill=\"none\" aria-hidden=\"true\" focusable=\"false\"><path d=\"M1.50002 4L6.00002 8L10.5 4\" stroke-width=\"1.5\"><\/path><\/svg><\/button><\/li><li class=\"has-background has-base-2-background-color has-medium-font-size wp-block-navigation-item open-on-hover-click wp-block-navigation-submenu\"><a class=\"wp-block-navigation-item__content\" href=\"https:\/\/electrymec.cl\/index.php\/quienes-somos\/\"><em><strong>\u00bfQui\u00e9nes somos?<\/strong><\/em><\/a><button aria-label=\"\u00bfQui\u00e9nes somos? submenu\" class=\"wp-block-navigation__submenu-icon wp-block-navigation-submenu__toggle\" aria-expanded=\"false\"><svg xmlns=\"http:\/\/www.w3.org\/2000\/svg\" width=\"12\" height=\"12\" viewBox=\"0 0 12 12\" fill=\"none\" aria-hidden=\"true\" focusable=\"false\"><path d=\"M1.50002 4L6.00002 8L10.5 4\" stroke-width=\"1.5\"><\/path><\/svg><\/button><\/li><li class=\"has-background has-base-2-background-color has-medium-font-size wp-block-navigation-item open-on-hover-click current-menu-item wp-block-navigation-submenu\"><a class=\"wp-block-navigation-item__content\" href=\"https:\/\/electrymec.cl\/index.php\/nuestros-servicios\/\" aria-current=\"page\"><em><strong>Nuestros servicios<\/strong><\/em><\/a><button aria-label=\"Nuestros servicios submenu\" class=\"wp-block-navigation__submenu-icon wp-block-navigation-submenu__toggle\" aria-expanded=\"false\"><svg xmlns=\"http:\/\/www.w3.org\/2000\/svg\" width=\"12\" height=\"12\" viewBox=\"0 0 12 12\" fill=\"none\" aria-hidden=\"true\" focusable=\"false\"><path d=\"M1.50002 4L6.00002 8L10.5 4\" stroke-width=\"1.5\"><\/path><\/svg><\/button><\/li><li class=\"has-background has-base-2-background-color has-medium-font-size wp-block-navigation-item open-on-hover-click wp-block-navigation-submenu\"><a class=\"wp-block-navigation-item__content\" href=\"https:\/\/electrymec.cl\/index.php\/galeria\/\"><em><strong>Galer\u00eda<\/strong><\/em><\/a><button aria-label=\"Galer\u00eda submenu\" class=\"wp-block-navigation__submenu-icon wp-block-navigation-submenu__toggle\" aria-expanded=\"false\"><svg xmlns=\"http:\/\/www.w3.org\/2000\/svg\" width=\"12\" height=\"12\" viewBox=\"0 0 12 12\" fill=\"none\" aria-hidden=\"true\" focusable=\"false\"><path d=\"M1.50002 4L6.00002 8L10.5 4\" stroke-width=\"1.5\"><\/path><\/svg><\/button><\/li><li class=\"has-background has-base-2-background-color has-medium-font-size wp-block-navigation-item open-on-hover-click wp-block-navigation-submenu\"><a class=\"wp-block-navigation-item__content\" href=\"https:\/\/electrymec.cl\/index.php\/contactanos\/\"><em><strong>Cont\u00e1ctanos<\/strong><\/em><\/a><button aria-label=\"Cont\u00e1ctanos submenu\" class=\"wp-block-navigation__submenu-icon wp-block-navigation-submenu__toggle\" aria-expanded=\"false\"><svg xmlns=\"http:\/\/www.w3.org\/2000\/svg\" width=\"12\" height=\"12\" viewBox=\"0 0 12 12\" fill=\"none\" aria-hidden=\"true\" focusable=\"false\"><path d=\"M1.50002 4L6.00002 8L10.5 4\" stroke-width=\"1.5\"><\/path><\/svg><\/button><\/li><\/ul>\n\t\t\t\t\t\t<\/div>\n\t\t\t\t\t<\/div>\n\t\t\t\t<\/div>\n\t\t\t<\/div><\/nav><\/div>\n<\/div>\n\n\n\n<hr class=\"wp-block-separator has-alpha-channel-opacity\"\/>\n\n\n\n<div class=\"wp-container-15 wp-block-columns\">\n<div class=\"wp-container-13 wp-block-column\"><div class=\"wp-block-site-logo\"><a href=\"https:\/\/electrymec.cl\/\" class=\"custom-logo-link\" rel=\"home\"><img loading=\"lazy\" width=\"272\" height=\"56\" src=\"https:\/\/electrymec.cl\/wp-content\/uploads\/2022\/09\/cropped-logo2.png\" class=\"custom-logo\" alt=\"Cont\u00e1ctanos!\" srcset=\"https:\/\/electrymec.cl\/wp-content\/uploads\/2022\/09\/cropped-logo2.png 952w, https:\/\/electrymec.cl\/wp-content\/uploads\/2022\/09\/cropped-logo2-300x62.png 300w, https:\/\/electrymec.cl\/wp-content\/uploads\/2022\/09\/cropped-logo2-768x158.png 768w\" sizes=\"(max-width: 272px) 100vw, 272px\" \/><\/a><\/div><\/div>\n\n\n\n<div class=\"wp-container-14 wp-block-column\">\n<p class=\"has-text-align-right animated lightSpeedInLeft has-medium-font-size\"><a href=\"https:\/\/electrymec.cl\/\">Cont\u00e1ctanos 09:00 &#8211; 18:30 hrs<\/a><\/p>\n\n\n\n<p class=\"has-text-align-right animated lightSpeedInLeft\">\u260f \/+ (569) 39 51 01 00 \/ + (652) 89 93 61 \/ \u260f<\/p>\n\n\n\n<p><\/p>\n<\/div>\n<\/div>\n\n\n\n        \r\n    <div>\r\n        <div id=\"h5ap69fcbb20eb66d\" class=\"h5ap_standard_player\" style='width:100%;margin:0 auto;max-width: 100%;'>\r\n            <audio class=\"player\" playsinline controls  autoplay loop >\r\n                <source src=\"https:\/\/electrymec.cl\/wp-content\/uploads\/2022\/11\/0442.-Seaside-AShamaluevMusic.mp3\"  type=\"audio\/mp3\" \/>\r\n            <\/audio>\r\n        <\/div>\r\n    <\/div>\r\n\r\n    \n","protected":false},"excerpt":{"rendered":"<p>ELECTRYMEC SPA, surge con el objetivo de satisfacer las necesidades de: Montaje Electromec\u00e1nico Instalaciones el\u00e9ctricas Mantenimiento el\u00e9ctrico, preventivo, correctivo. Automatizaci\u00f3n industrial Proyectos el\u00e9ctricos Controladores, PLCs Variadores de frecuencia, Drives( todas las marcas), Arrancadores suaves. Contadores de peces AquaScan Motores el\u00e9ctricos Tableros de fuerza, alumbrado y control. Redes de control y comunicaci\u00f3n industrial. Programaci\u00f3n de PLC &#8230; <a title=\"Nuestros servicios\" class=\"read-more\" href=\"https:\/\/electrymec.cl\/index.php\/nuestros-servicios\/\" aria-label=\"More on Nuestros servicios\">Read more<\/a><\/p>\n","protected":false},"author":1,"featured_media":0,"parent":0,"menu_order":0,"comment_status":"closed","ping_status":"closed","template":"","meta":{"ngg_post_thumbnail":0},"_links":{"self":[{"href":"https:\/\/electrymec.cl\/index.php\/wp-json\/wp\/v2\/pages\/36"}],"collection":[{"href":"https:\/\/electrymec.cl\/index.php\/wp-json\/wp\/v2\/pages"}],"about":[{"href":"https:\/\/electrymec.cl\/index.php\/wp-json\/wp\/v2\/types\/page"}],"author":[{"embeddable":true,"href":"https:\/\/electrymec.cl\/index.php\/wp-json\/wp\/v2\/users\/1"}],"replies":[{"embeddable":true,"href":"https:\/\/electrymec.cl\/index.php\/wp-json\/wp\/v2\/comments?post=36"}],"version-history":[{"count":21,"href":"https:\/\/electrymec.cl\/index.php\/wp-json\/wp\/v2\/pages\/36\/revisions"}],"predecessor-version":[{"id":805,"href":"https:\/\/electrymec.cl\/index.php\/wp-json\/wp\/v2\/pages\/36\/revisions\/805"}],"wp:attachment":[{"href":"https:\/\/electrymec.cl\/index.php\/wp-json\/wp\/v2\/media?parent=36"}],"curies":[{"name":"wp","href":"https:\/\/api.w.org\/{rel}","templated":true}]}}